{"id":531,"date":"2021-06-18T07:58:45","date_gmt":"2021-06-18T04:58:45","guid":{"rendered":"https:\/\/bgtekstil.com\/iletisim\/"},"modified":"2025-01-15T17:51:47","modified_gmt":"2025-01-15T14:51:47","slug":"contact","status":"publish","type":"page","link":"https:\/\/bgtekstil.com\/en\/contact\/","title":{"rendered":"Contact Us"},"content":{"rendered":"<!--themify_builder_content-->\n<div id=\"themify_builder_content-531\" data-postid=\"531\" class=\"themify_builder_content themify_builder_content-531 themify_builder tf_clear\">\n                    <div  data-lazy=\"1\" class=\"module_row themify_builder_row tb_ujb3790 tb_first tf_w\">\n            <span  class=\"builder_row_cover tf_abs\" data-lazy=\"1\"><\/span>            <div class=\"row_inner col_align_top tb_col_count_1 tf_box tf_rel\">\n                        <div  data-lazy=\"1\" class=\"module_column tb-column col-full tb_31vu790 first\">\n                    <!-- module text -->\n<div  class=\"module module-text tb_o10e790   \" data-lazy=\"1\">\n        <div  class=\"tb_text_wrap\">\n        <h1>Contact Us<\/h1>    <\/div>\n<\/div>\n<!-- \/module text -->        <\/div>\n                        <\/div>\n        <\/div>\n                        <div  data-lazy=\"1\" class=\"module_row themify_builder_row tb_jy2v790 tf_w\">\n                        <div class=\"row_inner col_align_top tb_col_count_1 tf_box tf_rel\">\n                        <div  data-lazy=\"1\" class=\"module_column tb-column col-full tb_pw8h790 first\">\n                            <div  data-lazy=\"1\" class=\"module_subrow themify_builder_sub_row tf_w col_align_top tb_col_count_1 tb_0xb0790\">\n                <div  data-lazy=\"1\" class=\"module_column sub_column col-full tb_rv3s790 first\">\n                            <\/div>\n                    <\/div>\n                <div  data-lazy=\"1\" class=\"module_subrow themify_builder_sub_row tf_w col_align_top tb_col_count_3 tb_ju1n790\">\n                <div  data-lazy=\"1\" class=\"module_column sub_column col3-1 tb_iy7f790 first\">\n                    <!-- module image -->\n<div  class=\"module module-image tb_bvj6790 image-center   tf_mw\" data-lazy=\"1\">\n        <div class=\"image-wrap tf_rel tf_mw\">\n            <img loading=\"lazy\" decoding=\"async\" src=\"https:\/\/bgtekstil.com\/wp-content\/uploads\/2023\/05\/location_map-point_pin_icon.svg\" width=\"65\" height=\"65\" class=\"wp-post-image wp-image-483\" title=\"Showroom\" alt=\"Showroom\">    \n        <\/div>\n    <!-- \/image-wrap -->\n    \n        <div class=\"image-content\">\n                    <h3 class=\"image-title\">\n                                    Showroom                            <\/h3>\n                    <\/div>\n    <!-- \/image-content -->\n        <\/div>\n<!-- \/module image --><!-- module text -->\n<div  class=\"module module-text tb_pv1a790   \" data-lazy=\"1\">\n        <div  class=\"tb_text_wrap\">\n        <p>Me\u015frutiyet Mah. Ebek\u0131z\u0131 Sok. Birlik Apartman\u0131 No:6 Kat:1 D:4 <br>Osmanbey\/ \u015ei\u015fli \u0130STANBUL<\/p>    <\/div>\n<\/div>\n<!-- \/module text -->        <\/div>\n                    <div  data-lazy=\"1\" class=\"module_column sub_column col3-1 tb_jf0y790\">\n                    <!-- module image -->\n<div  class=\"module module-image tb_7i5l790 image-center   tf_mw\" data-lazy=\"1\">\n        <div class=\"image-wrap tf_rel tf_mw\">\n            <img loading=\"lazy\" decoding=\"async\" src=\"https:\/\/bgtekstil.com\/wp-content\/uploads\/2023\/05\/phone_icon.svg\" width=\"65\" height=\"65\" class=\"wp-post-image wp-image-485\" title=\"Phone\" alt=\"Phone\">    \n        <\/div>\n    <!-- \/image-wrap -->\n    \n        <div class=\"image-content\">\n                    <h3 class=\"image-title\">\n                                    Phone                            <\/h3>\n                    <\/div>\n    <!-- \/image-content -->\n        <\/div>\n<!-- \/module image --><!-- module text -->\n<div  class=\"module module-text tb_xs3g790   \" data-lazy=\"1\">\n        <div  class=\"tb_text_wrap\">\n        <p>Call us:<br>+90 212 234 56 62<br>+90 212 224 69 00<\/p>    <\/div>\n<\/div>\n<!-- \/module text -->        <\/div>\n                    <div  data-lazy=\"1\" class=\"module_column sub_column col3-1 tb_f05d790 last\">\n                    <!-- module image -->\n<div  class=\"module module-image tb_lik7790 image-center   tf_mw\" data-lazy=\"1\">\n        <div class=\"image-wrap tf_rel tf_mw\">\n            <img loading=\"lazy\" decoding=\"async\" src=\"https:\/\/bgtekstil.com\/wp-content\/uploads\/2023\/05\/address_at_contact_email_icon.svg\" width=\"65\" height=\"65\" class=\"wp-post-image wp-image-487\" title=\"Email\" alt=\"Email\">    \n        <\/div>\n    <!-- \/image-wrap -->\n    \n        <div class=\"image-content\">\n                    <h3 class=\"image-title\">\n                                    Email                            <\/h3>\n                    <\/div>\n    <!-- \/image-content -->\n        <\/div>\n<!-- \/module image --><!-- module text -->\n<div  class=\"module module-text tb_npd7790   \" data-lazy=\"1\">\n        <div  class=\"tb_text_wrap\">\n        <p><a href=\"mailto:info@bgtekstil.com\" target=\"_blank\" rel=\"noopener noreferrer\">info@bgtekstil.com<\/a><\/p>    <\/div>\n<\/div>\n<!-- \/module text -->        <\/div>\n                    <\/div>\n                <\/div>\n                        <\/div>\n        <\/div>\n                        <div  data-css_id=\"es7g791\" data-lazy=\"1\" class=\"module_row themify_builder_row fullwidth tb_es7g791 tf_w\">\n                        <div class=\"row_inner col_align_top tb_col_count_1 tf_box tf_rel\">\n                        <div  data-lazy=\"1\" class=\"module_column tb-column col-full tb_zngl791 first\">\n                            <div  data-lazy=\"1\" class=\"module_subrow themify_builder_sub_row tf_w col_align_top tb_col_count_1 tb_t9sc791\">\n                <div  data-lazy=\"1\" class=\"module_column sub_column col-full tb_wpzv791 first\">\n                    <!-- module text -->\n<div  class=\"module module-text tb_6wy5791   \" data-lazy=\"1\">\n        <div  class=\"tb_text_wrap\">\n        <p>Me\u015frutiyet Mah. Ebek\u0131z\u0131 Sok. Birlik Apartman\u0131 No:6 Kat:1 D:4 Osmanbey\/ \u015ei\u015fli \u0130STANBUL<\/p>    <\/div>\n<\/div>\n<!-- \/module text -->        <\/div>\n                    <\/div>\n                <\/div>\n                        <\/div>\n        <\/div>\n        <\/div>\n<!--\/themify_builder_content-->","protected":false},"excerpt":{"rendered":"<p>Contact Us Showroom Me\u015frutiyet Mah. Ebek\u0131z\u0131 Sok. Birlik Apartman\u0131 No:6 Kat:1 D:4 Osmanbey\/ \u015ei\u015fli \u0130STANBUL Phone Call us:+90 212 234 56 62+90 212 224 69 00 Email info@bgtekstil.com Me\u015frutiyet Mah. Ebek\u0131z\u0131 Sok. Birlik Apartman\u0131 No:6 Kat:1 D:4 Osmanbey\/ \u015ei\u015fli \u0130STANBUL<\/p>\n","protected":false},"author":1,"featured_media":0,"parent":0,"menu_order":0,"comment_status":"closed","ping_status":"closed","template":"","meta":{"footnotes":""},"class_list":["post-531","page","type-page","status-publish","hentry","has-post-title","has-post-date","has-post-category","has-post-tag","has-post-comment","has-post-author",""],"_links":{"self":[{"href":"https:\/\/bgtekstil.com\/en\/wp-json\/wp\/v2\/pages\/531","targetHints":{"allow":["GET"]}}],"collection":[{"href":"https:\/\/bgtekstil.com\/en\/wp-json\/wp\/v2\/pages"}],"about":[{"href":"https:\/\/bgtekstil.com\/en\/wp-json\/wp\/v2\/types\/page"}],"author":[{"embeddable":true,"href":"https:\/\/bgtekstil.com\/en\/wp-json\/wp\/v2\/users\/1"}],"replies":[{"embeddable":true,"href":"https:\/\/bgtekstil.com\/en\/wp-json\/wp\/v2\/comments?post=531"}],"version-history":[{"count":0,"href":"https:\/\/bgtekstil.com\/en\/wp-json\/wp\/v2\/pages\/531\/revisions"}],"wp:attachment":[{"href":"https:\/\/bgtekstil.com\/en\/wp-json\/wp\/v2\/media?parent=531"}],"curies":[{"name":"wp","href":"https:\/\/api.w.org\/{rel}","templated":true}]}}